{"id":35237,"date":"2021-02-05T12:05:39","date_gmt":"2021-02-05T11:05:39","guid":{"rendered":"https:\/\/blog.legalvision.fr\/?page_id=35237"},"modified":"2021-07-16T11:11:48","modified_gmt":"2021-07-16T10:11:48","slug":"mentions-legales","status":"publish","type":"page","link":"https:\/\/www.legalvision.fr\/guides-juridiques\/mentions-legales\/","title":{"rendered":"Mentions L\u00e9gales"},"content":{"rendered":"<p><span style=\"font-weight: 400;\">Le site <\/span><a href=\"https:\/\/blog.legalvision.fr\/\"><span style=\"font-weight: 400;\">https:\/\/blog.legalvision.fr\/<\/span><\/a><span style=\"font-weight: 400;\"> est \u00e9dit\u00e9 par la soci\u00e9t\u00e9 <\/span><span style=\"font-weight: 400;\">LVPRO<\/span><span style=\"font-weight: 400;\">,<\/span><\/p>\n<p><span style=\"font-weight: 400;\">Soci\u00e9t\u00e9 par actions simplifi\u00e9e <\/span><span style=\"font-weight: 400;\">SAS LVPRO, 809015407<\/span><span style=\"font-weight: 400;\"> au capital de 51.454,80 euros, dont le si\u00e8ge social est situ\u00e9 1 Cour du Havre 75008 PARIS, immatricul\u00e9e aupr\u00e8s du Greffe du Tribunal de Commerce de Paris.<\/span><\/p>\n<h4><span style=\"font-weight: 400;\">H\u00e9bergeur du site internet :<\/span><\/h4>\n<p><span style=\"font-weight: 400;\">Le site <\/span><a href=\"https:\/\/blog.legalvisionpro.fr\/\"><span style=\"font-weight: 400;\">https:\/\/blog.legalvisionpro.fr\/<\/span><\/a><span style=\"font-weight: 400;\"> est h\u00e9berg\u00e9 par:<\/span><\/p>\n<p><span style=\"font-weight: 400;\">Amazon Web Services LLC<\/span><\/p>\n<p><span style=\"font-weight: 400;\">AWS<\/span><\/p>\n<p><span style=\"font-weight: 400;\">Frankfurt Data Center<\/span><\/p>\n<p><a href=\"https:\/\/aws.amazon.com\/\"><span style=\"font-weight: 400;\">aws.amazon.com<\/span><\/a><\/p>\n<h3><span style=\"font-weight: 400;\">Politique de confidentialit\u00e9<\/span><\/h3>\n<p><span style=\"font-weight: 400;\">Dans le cadre de l\u2019utilisation de nos Services, le Client est amen\u00e9 \u00e0 nous communiquer des informations personnelles ou celles de ses Clients Finaux (pr\u00e9nom, nom, adresse postale, email, num\u00e9ro de t\u00e9l\u00e9phone\u2026).<\/span><\/p>\n<p><span style=\"font-weight: 400;\">Les Donn\u00e9es personnelles sont des informations permettant d\u2019identifier directement ou indirectement une personne physique et qui peuvent \u00eatre collect\u00e9es lors de l\u2019utilisation de nos Services.<\/span><\/p>\n<p><span style=\"font-weight: 400;\">Nous traitons les donn\u00e9es personnes de nos Clients et celles de leurs Clients Finaux dans le respect du R\u00e8glement G\u00e9n\u00e9ral sur la Protection des Donn\u00e9es 2016\/679 du 27 avril 2016 (\u00ab RGPD \u00bb)<\/span><\/p>\n<p><span style=\"font-weight: 400;\">Les Donn\u00e9es personnelles que nous collectons sont limit\u00e9es \u00e0 ce qui est n\u00e9cessaire \u00e0 la fourniture des Services. Nous ne sollicitions jamais la communication de donn\u00e9es \u00ab sensibles \u00bb telles que les opinions politiques, religieuses ou encore les origines raciales ou ethniques.<\/span><\/p>\n<p><span style=\"font-weight: 400;\">La pr\u00e9sente Charte a vocation \u00e0 exposer la mani\u00e8re dont les donn\u00e9es sont collect\u00e9es et le d\u00e9tail de l&rsquo;utilisation qui en est faite. La pr\u00e9sente Charte et les Conditions g\u00e9n\u00e9rales forment un tout indivisible.<\/span><\/p>\n<h3><span style=\"font-weight: 400;\">1. LES DONNEES PERSONNELLES COLLECTEES ET FINALITE<\/span><\/h3>\n<p><span style=\"font-weight: 400;\">Les Donn\u00e9es \u00e0 caract\u00e8re personnel qui sont collect\u00e9es varient en fonction de la fa\u00e7on dont les services sont utilis\u00e9s. Les Donn\u00e9es \u00e0 caract\u00e8re personnel collect\u00e9es ou d\u00e9tenues sont directement communiqu\u00e9es par le Client, ou proviennent de tiers ou sont collect\u00e9es \u00e0 partir de l&rsquo;activit\u00e9 sur le site internet et de l&rsquo;utilisation des services.<\/span><\/p>\n<p><span style=\"font-weight: 400;\">Nous collectons des donn\u00e9es personnelles dans les situations suivantes :<\/span><\/p>\n<h4><span style=\"font-weight: 400;\">1 &#8211; 1. Cr\u00e9ation d\u2019un compte<\/span><\/h4>\n<p><span style=\"font-weight: 400;\">Afin d\u2019utiliser nos Services, le Client doit cr\u00e9er un Compte. Il lui est demand\u00e9 \u00e0 cette occasion de renseigner un certain nombre de Donn\u00e9es personnelles (noms, pr\u00e9noms, nom de la soci\u00e9t\u00e9, adresse e-mail, num\u00e9ro de t\u00e9l\u00e9phone, coordonn\u00e9es bancaires).<\/span><\/p>\n<p><span style=\"font-weight: 400;\">L\u2019utilisation des Donn\u00e9es personnelles a alors pour objectif la cr\u00e9ation du compte et sa gestion, le traitement d\u2019une commande, le suivi de facturation, l\u2019envoi de communication au sujet des services \u00e0 des fins de prospection commerciale.<\/span><\/p>\n<p><span style=\"font-weight: 400;\">Chaque fois qu&rsquo;une communication \u00e9lectronique \u00e0 des fins de prospection commerciale est adress\u00e9e, le destinataire a la possibilit\u00e9 de choisir de ne plus en recevoir \u00e0 l&rsquo;avenir gr\u00e2ce \u00e0 un lien de d\u00e9sinscription. En outre, il est possible, \u00e0 tout moment, d&rsquo;adresser un courrier \u00e9lectronique \u00e0 l&rsquo;adresse \u00e9lectronique suivante : <\/span><span style=\"font-weight: 400;\">info@legalvisionpro.fr<\/span><span style=\"font-weight: 400;\"> afin de demander de cesser l&rsquo;envoi de ces communications commerciales.<\/span><\/p>\n<h4><span style=\"font-weight: 400;\">1 &#8211; 2. Paiement<\/span><\/h4>\n<p><span style=\"font-weight: 400;\">Dans le cadre de l\u2019utilisation des Services, le Client est amen\u00e9 \u00e0 communiquer des coordonn\u00e9es de facturation (IBAN) afin de r\u00e9aliser des paiements.<\/span><\/p>\n<p><span style=\"font-weight: 400;\">A cette fin, LVPRO a recours \u00e0 des Tiers prestataires qui peuvent collecter des Donn\u00e9es personnelles afin de permettre la r\u00e9alisation de paiement par pr\u00e9l\u00e8vements SEPA ou par carte bancaire, ce que le Client accepte.<\/span><\/p>\n<p><span style=\"font-weight: 400;\">Les informations relatives \u00e0 ces paiements sont conserv\u00e9es par LVPRO ou par le par le Tiers prestataire pour des besoins internes de facturation, comptabilit\u00e9 et de conformit\u00e9 l\u00e9gale.<\/span><\/p>\n<h4><span style=\"font-weight: 400;\">1 &#8211; 3. Ex\u00e9cution des Services<\/span><\/h4>\n<p><span style=\"font-weight: 400;\">Lors de l\u2019ex\u00e9cution des Services, nous sommes amen\u00e9s \u00e0 collecter de mani\u00e8re indirecte des Donn\u00e9es personnelles des Clients Finaux de l\u2019Utilisateur.<\/span><\/p>\n<p><span style=\"font-weight: 400;\">Il appartient \u00e0 l\u2019Utilisateur de pr\u00e9ciser et d\u00e9finir directement avec son Client Final la mani\u00e8re dont les Donn\u00e9es personnelles sont collect\u00e9es et partag\u00e9es avec nous.<\/span><\/p>\n<p><span style=\"font-weight: 400;\">Les Donn\u00e9es personnelles des Clients Finaux sont utilis\u00e9es conform\u00e9ment aux conditions d\u00e9finies dans le contrat avec le Client et en fonctions des instructions du Client dans le cadre de l\u2019ex\u00e9cution des Services.<\/span><\/p>\n<p><span style=\"font-weight: 400;\">Le Client Final peut contacter l\u2019Utilisateur ou consulter sa politique de confidentialit\u00e9 dans le cadre de la prestation qui lui est confi\u00e9e.<\/span><\/p>\n<h4><span style=\"font-weight: 400;\">1 &#8211; 4. Navigation<\/span><\/h4>\n<p><span style=\"font-weight: 400;\">Lorsque le Client se connecte \u00e0 son Compte ou navigue sur la Site, nous recueillons des donn\u00e9es \u00e0 caract\u00e8re personnel relatives \u00e0 la date de connexion, heure, temps de connexion, adresse IP ou MAC, pages consult\u00e9es.<\/span><\/p>\n<p><span style=\"font-weight: 400;\">Pour cela, nous avons recours \u00e0 l\u2019utilisation de Cookies qui sont des fichiers permettant d\u2019enregistrer les informations de navigation, tel que cela est pr\u00e9cis\u00e9 \u00e0 l\u2019article 18 des pr\u00e9sentes.<\/span><\/p>\n<p><span style=\"font-weight: 400;\">Celles-ci nous permettent d\u2019analyser le comportement du Client et ses attentes afin notamment d\u2019am\u00e9liorer le Service.<\/span><\/p>\n<p><span style=\"font-weight: 400;\">Il est possible de refuser l\u2019utilisation de Cookies mais cela est susceptible d\u2019emp\u00eacher l\u2019acc\u00e8s \u00e0 certaines fonctionnalit\u00e9s ou Services.<\/span><\/p>\n<h4><span style=\"font-weight: 400;\">1 &#8211; 5. Appels<\/span><\/h4>\n<p><span style=\"font-weight: 400;\">Les \u00e9changes t\u00e9l\u00e9phoniques entre le Client et les collaborateurs de LVPRO sont susceptible d\u2019\u00eatre enregistr\u00e9s dans une d\u00e9marche de contr\u00f4le de qualit\u00e9.<\/span><\/p>\n<p><span style=\"font-weight: 400;\">Ces \u00e9changes sont conserv\u00e9s au maximum 4 mois et sont ensuite effac\u00e9s.<\/span><\/p>\n<h3><span style=\"font-weight: 400;\">2. COOKIES<\/span><\/h3>\n<p><span style=\"font-weight: 400;\">Nous utilisons la technologie des cookies pour am\u00e9liorer la navigation ainsi que l&rsquo;exp\u00e9rience des Utilisateurs du Site. Lors de la consultation de celui-ci, ces cookies peuvent \u00eatre enregistr\u00e9s sur les navigateurs du support utilis\u00e9, quel que soit le terminal (ordinateur, tablette, Smartphone).<\/span><\/p>\n<p><span style=\"font-weight: 400;\">Ils servent notamment lors de l&rsquo;identification pour des analyses de la fr\u00e9quentation et de l&rsquo;utilisation des \u00e9l\u00e9ments du Site. A tout moment, les visiteurs peuvent d\u00e9cider d&rsquo;accepter ou de refuser l&rsquo;utilisation des cookies ainsi que modifier leurs pr\u00e9f\u00e9rences.<\/span><\/p>\n<p><span style=\"font-weight: 400;\">Le cookie poss\u00e8de une dur\u00e9e de validit\u00e9 qui varie en fonction du type de cookie et permet la reconnaissance du visiteur lors d&rsquo;une prochaine utilisation du site internet. En tout \u00e9tat de cause, cette dur\u00e9e n&rsquo;exc\u00e8de pas 13 mois.<\/span><\/p>\n<p><span style=\"font-weight: 400;\">Les visiteurs peuvent d\u00e9cider d&rsquo;accepter ou de refuser les cookies lors de leur navigation sur le Site. A cet effet, le site fait appara\u00eetre, sur son Site, un bandeau d&rsquo;information pr\u00e9alable invitant le visiteur \u00e0 accepter les cookies. Tant que le visiteur n&rsquo;a pas donn\u00e9 son consentement au recueil des cookies, aucun cookie ne pourra \u00eatre d\u00e9pos\u00e9 sur son terminal, \u00e0 l&rsquo;exception des cookies exempt\u00e9s du recueil du consentement dans la mesure o\u00f9 ils sont strictement n\u00e9cessaires \u00e0 la fourniture d&rsquo;un service express\u00e9ment demand\u00e9 par l&rsquo;Utilisateur.<\/span><\/p>\n<p><span style=\"font-weight: 400;\">Cependant, le refus des cookies peut \u00eatre susceptible d\u2019emp\u00eacher ou d\u00e9grader l\u2019acc\u00e8s \u00e0 nos Services. Dans ce cas, nous d\u00e9clinons toute responsabilit\u00e9 en raison de la limitation o\u00f9 absence d\u2019acc\u00e8s \u00e0 nos Services.<\/span><\/p>\n<p><span style=\"font-weight: 400;\">Vous pouvez configurer et param\u00e9trer chaque navigateur dans le cadre de la gestion des Cookies :<\/span><\/p>\n<ul>\n<li style=\"font-weight: 400;\"><span style=\"font-weight: 400;\">Firefox<\/span><span style=\"font-weight: 400;\"> https:\/\/support.mozilla.org\/fr\/kb\/protection-renforcee-contre-pistage-firefoxordinateur?redirectlocale=fr&amp;redirectslug=autoriser-bloquer-cookiespreferences-sites<\/span><\/li>\n<li style=\"font-weight: 400;\"><span style=\"font-weight: 400;\">Chrome<\/span><span style=\"font-weight: 400;\"> https:\/\/support.google.com\/chrome\/answer\/95647?hl=fr<\/span><\/li>\n<li style=\"font-weight: 400;\"><span style=\"font-weight: 400;\">Internet Explorer<\/span><span style=\"font-weight: 400;\"> https:\/\/support.microsoft.com\/fr-fr\/help\/17442\/windows-internet-explorerdelete-manage-cookies<\/span><\/li>\n<li style=\"font-weight: 400;\"><span style=\"font-weight: 400;\">Safari<\/span><span style=\"font-weight: 400;\"> https:\/\/support.apple.com\/fr-fr\/guide\/safari\/sfri11471\/mac<\/span><\/li>\n<\/ul>\n<h3><span style=\"font-weight: 400;\">3. DUREE DE CONSERVATIONS DES DONNEES PERSONNELLES<\/span><\/h3>\n<p><span style=\"font-weight: 400;\">Les Donn\u00e9es \u00e0 caract\u00e8re personnel sont conserv\u00e9es pour les utiliser aux fins \u00e9num\u00e9r\u00e9es dans la pr\u00e9sente Charte.<\/span><\/p>\n<p><span style=\"font-weight: 400;\">Sauf indication contraire dans les paragraphes pr\u00e9c\u00e9dents, les donn\u00e9es sont conserv\u00e9es aussi longtemps que la personne concern\u00e9e entretiendra une relation contractuelle avec nous et b\u00e9n\u00e9ficiera d\u2019un Compte.<\/span><\/p>\n<p><span style=\"font-weight: 400;\">En cas de rupture du contrat liant la personne concern\u00e9e ou de fermeture du Compte, comme au terme du Service ou de la prestation sollicit\u00e9e, et s&rsquo;il n&rsquo;y a pas d&rsquo;autre raison de poursuivre le traitement, les informations seront conserv\u00e9es pendant les p\u00e9riodes n\u00e9cessaires pour se conformer \u00e0 la r\u00e9glementation et aux r\u00e8gles de prescription en vigueur notamment contractuelles, comptables et fiscales ou, le cas \u00e9ch\u00e9ant, en vue de traiter toute r\u00e9clamation ou demande aff\u00e9rente aux Services fournis.<\/span><\/p>\n<p><span style=\"font-weight: 400;\">Les Donn\u00e9es \u00e0 caract\u00e8re personnel des Clients sont conserv\u00e9es pendant la dur\u00e9e des relations contractuelles augment\u00e9e de 3 ans \u00e0 des fins d&rsquo;animation et prospection, sans pr\u00e9judice des obligations de conservation ou des d\u00e9lais de prescription.<\/span><\/p>\n<p><span style=\"font-weight: 400;\">En mati\u00e8re de pr\u00e9vention du blanchiment et du financement du terrorisme, les donn\u00e9es sont conserv\u00e9es 5 ans apr\u00e8s la fin des relations avec LVPRO.<\/span><\/p>\n<h3><span style=\"font-weight: 400;\">4. PARTAGE DES DONNEES PERSONNELLES<\/span><\/h3>\n<p><span style=\"font-weight: 400;\">A l\u2019occasion de l\u2019utilisation de nos services, nous pouvons avoir recours aux services d\u2019un Tiers prestataire (Signature \u00e9lectronique, Paiement, Publicit\u00e9 l\u00e9gale, H\u00e9bergement, analyse de donn\u00e9es) ce que le Client accepte.<\/span><\/p>\n<p><span style=\"font-weight: 400;\">Sauf dans l\u2019hypoth\u00e8se o\u00f9 le Client accepterait directement aupr\u00e8s d\u2019un Tiers prestataire une charte de confidentialit\u00e9 particuli\u00e8re, le Tiers prestataire s\u2019est engag\u00e9 \u00e0 utiliser les donn\u00e9es personnelles uniquement pour l\u2019ex\u00e9cution du Service.<\/span><\/p>\n<p><span style=\"font-weight: 400;\">La soci\u00e9t\u00e9 LVPRO n\u2019est pas responsable des modalit\u00e9s de traitement des Donn\u00e9es personnelles par ces Tiers prestataire.<\/span><\/p>\n<p><span style=\"font-weight: 400;\">La soci\u00e9t\u00e9 LVPRO ne partagera jamais vos Donn\u00e9es personnelles ou celles du Client Final \u00e0 un Tiers \u00e0 des fins marketings ou commerciales sans avoir obtenu pr\u00e9alablement votre accord.<\/span><\/p>\n<p><span style=\"font-weight: 400;\">En revanche, nous pouvons \u00eates contraints de partager les informations personnelles re\u00e7ues avec des tiers si cela est requis par la loi ou une autorit\u00e9 judiciaire ou administrative, ou d\u00e9fendre l\u2019int\u00e9r\u00eat de notre soci\u00e9t\u00e9.<\/span><\/p>\n<h3><span style=\"font-weight: 400;\">5. DROITS LIES AUX DONNEES PERSONNELLES<\/span><\/h3>\n<p><span style=\"font-weight: 400;\">Le Client a le droit :<\/span><\/p>\n<ul>\n<li style=\"font-weight: 400;\"><span style=\"font-weight: 400;\">d&rsquo;acc\u00e9der \u00e0 ses donn\u00e9es \u00e0 caract\u00e8re personnel ;<\/span><\/li>\n<li style=\"font-weight: 400;\"><span style=\"font-weight: 400;\">de corriger toute erreur figurant dans les fichiers ;<\/span><\/li>\n<li style=\"font-weight: 400;\"><span style=\"font-weight: 400;\">de faire effacer ses donn\u00e9es \u00e0 caract\u00e8re personnel, de limiter leur traitement ou de s&rsquo;y opposer ;<\/span><\/li>\n<li style=\"font-weight: 400;\"><span style=\"font-weight: 400;\">de retirer son consentement ;<\/span><\/li>\n<li style=\"font-weight: 400;\"><span style=\"font-weight: 400;\">de s&rsquo;opposer \u00e0 la r\u00e9ception de documents de prospection commerciale \u00e0 l&rsquo;avenir ;<\/span><\/li>\n<li style=\"font-weight: 400;\"><span style=\"font-weight: 400;\">de d\u00e9finir des directives g\u00e9n\u00e9rales et particuli\u00e8res d\u00e9finissant la mani\u00e8re dont les personnes concern\u00e9es entendent que soient exerc\u00e9s, apr\u00e8s leur d\u00e9c\u00e8s, les droits mentionn\u00e9s ci-dessus<\/span><\/li>\n<li style=\"font-weight: 400;\"><span style=\"font-weight: 400;\">Si vous \u00eates un Client Final, il vous appartient de vous adresser directement au Client utilisant nos Services.<\/span><\/li>\n<\/ul>\n<p><span style=\"font-weight: 400;\">Toute personne dispose d&rsquo;une facult\u00e9 de d\u00e9poser une r\u00e9clamation aupr\u00e8s de la CNIL.<\/span><\/p>\n<h3><span style=\"font-weight: 400;\">6. CONTACT ET RECLAMATIONS<\/span><\/h3>\n<p><span style=\"font-weight: 400;\">Toutes les questions soulev\u00e9es dans la pr\u00e9sente Politique, les demandes d&rsquo;exercice des droits de la personne concern\u00e9e, vous pouvez nous contacter par mail \u00e0 l\u2019adresse <\/span><span style=\"font-weight: 400;\">info@legalvisionpro.fr<\/span><span style=\"font-weight: 400;\"> ou par courrier postal \u00e0 l\u2019adresse suivant : 1 Cours du Havre &#8211; 75008 PARIS.<\/span><\/p>\n<p><span style=\"font-weight: 400;\">Toute demande d&rsquo;exercice des droits d&rsquo;acc\u00e8s, de rectification, de suppression ou de limitation du traitement, doit \u00eatre accompagn\u00e9e de la copie d&rsquo;une pi\u00e8ce d&rsquo;identit\u00e9 du demandeur.<\/span><\/p>\n<h3><span style=\"font-weight: 400;\">7. STATUT DE LA PRESENTE POLITIQUE DE CONFIDENTIALITE<\/span><\/h3>\n<p><span style=\"font-weight: 400;\">Nous nous r\u00e9servons le droit de la modifier \u00e0 tout moment afin de fournir une information \u00e0 jour sur la fa\u00e7on dont nous collectons et traitons les donn\u00e9es.<\/span><\/p>\n","protected":false},"excerpt":{"rendered":"<p>Le site https:\/\/blog.legalvision.fr\/ est \u00e9dit\u00e9 par la soci\u00e9t\u00e9 LVPRO, Soci\u00e9t\u00e9 par actions simplifi\u00e9e SAS LVPRO, 809015407 au capital de 51.454,80 euros, dont le si\u00e8ge social est situ\u00e9 1 Cour du Havre 75008 PARIS, immatricul\u00e9e aupr\u00e8s du Greffe du Tribunal de Commerce de Paris. H\u00e9bergeur du site internet : Le site https:\/\/blog.legalvisionpro.fr\/ est h\u00e9berg\u00e9 par: Amazon&hellip; <a class=\"more-link\" href=\"https:\/\/www.legalvision.fr\/guides-juridiques\/mentions-legales\/\">Poursuivre la lecture <span class=\"screen-reader-text\">Mentions L\u00e9gales<\/span><\/a><\/p>\n","protected":false},"author":73,"featured_media":0,"parent":0,"menu_order":0,"comment_status":"closed","ping_status":"closed","template":"","meta":{"content-type":"","inline_featured_image":false,"footnotes":""},"class_list":["post-35237","page","type-page","status-publish","hentry","entry"],"yoast_head":"<!-- This site is optimized with the Yoast SEO plugin v27.1.1 - https:\/\/yoast.com\/product\/yoast-seo-wordpress\/ -->\n<title>Mentions L\u00e9gales - Guides juridiques<\/title>\n<meta name=\"robots\" content=\"noindex, follow\" \/>\n<meta property=\"og:locale\" content=\"fr_FR\" \/>\n<meta property=\"og:type\" content=\"article\" \/>\n<meta property=\"og:title\" content=\"Mentions L\u00e9gales - Guides juridiques\" \/>\n<meta property=\"og:description\" content=\"Le site https:\/\/blog.legalvision.fr\/ est \u00e9dit\u00e9 par la soci\u00e9t\u00e9 LVPRO, Soci\u00e9t\u00e9 par actions simplifi\u00e9e SAS LVPRO, 809015407 au capital de 51.454,80 euros, dont le si\u00e8ge social est situ\u00e9 1 Cour du Havre 75008 PARIS, immatricul\u00e9e aupr\u00e8s du Greffe du Tribunal de Commerce de Paris. H\u00e9bergeur du site internet : Le site https:\/\/blog.legalvisionpro.fr\/ est h\u00e9berg\u00e9 par: Amazon&hellip; Poursuivre la lecture Mentions L\u00e9gales\" \/>\n<meta property=\"og:url\" content=\"https:\/\/www.legalvision.fr\/guides-juridiques\/mentions-legales\/\" \/>\n<meta property=\"og:site_name\" content=\"Guides juridiques\" \/>\n<meta property=\"article:modified_time\" content=\"2021-07-16T10:11:48+00:00\" \/>\n<meta name=\"twitter:card\" content=\"summary_large_image\" \/>\n<meta name=\"twitter:label1\" content=\"Dur\u00e9e de lecture estim\u00e9e\" \/>\n\t<meta name=\"twitter:data1\" content=\"7 minutes\" \/>\n<script type=\"application\/ld+json\" class=\"yoast-schema-graph\">{\"@context\":\"https:\/\/schema.org\",\"@graph\":[{\"@type\":\"WebPage\",\"@id\":\"https:\/\/www.legalvision.fr\/guides-juridiques\/mentions-legales\/\",\"url\":\"https:\/\/www.legalvision.fr\/guides-juridiques\/mentions-legales\/\",\"name\":\"Mentions L\u00e9gales - Guides juridiques\",\"isPartOf\":{\"@id\":\"https:\/\/www.legalvision.fr\/guides-juridiques\/#website\"},\"datePublished\":\"2021-02-05T11:05:39+00:00\",\"dateModified\":\"2021-07-16T10:11:48+00:00\",\"breadcrumb\":{\"@id\":\"https:\/\/www.legalvision.fr\/guides-juridiques\/mentions-legales\/#breadcrumb\"},\"inLanguage\":\"fr-FR\",\"potentialAction\":[{\"@type\":\"ReadAction\",\"target\":[\"https:\/\/www.legalvision.fr\/guides-juridiques\/mentions-legales\/\"]}]},{\"@type\":\"BreadcrumbList\",\"@id\":\"https:\/\/www.legalvision.fr\/guides-juridiques\/mentions-legales\/#breadcrumb\",\"itemListElement\":[{\"@type\":\"ListItem\",\"position\":1,\"name\":\"Accueil\",\"item\":\"https:\/\/www.legalvision.fr\/guides-juridiques\/\"},{\"@type\":\"ListItem\",\"position\":2,\"name\":\"Mentions L\u00e9gales\"}]},{\"@type\":\"WebSite\",\"@id\":\"https:\/\/www.legalvision.fr\/guides-juridiques\/#website\",\"url\":\"https:\/\/www.legalvision.fr\/guides-juridiques\/\",\"name\":\"Guides juridiques\",\"description\":\"L&#039;information juridique \u00e0 destination des entreprises et TPE\",\"publisher\":{\"@id\":\"https:\/\/www.legalvision.fr\/guides-juridiques\/#organization\"},\"potentialAction\":[{\"@type\":\"SearchAction\",\"target\":{\"@type\":\"EntryPoint\",\"urlTemplate\":\"https:\/\/www.legalvision.fr\/guides-juridiques\/?s={search_term_string}\"},\"query-input\":{\"@type\":\"PropertyValueSpecification\",\"valueRequired\":true,\"valueName\":\"search_term_string\"}}],\"inLanguage\":\"fr-FR\"},{\"@type\":\"Organization\",\"@id\":\"https:\/\/www.legalvision.fr\/guides-juridiques\/#organization\",\"name\":\"Guides juridiques\",\"url\":\"https:\/\/www.legalvision.fr\/guides-juridiques\/\",\"logo\":{\"@type\":\"ImageObject\",\"inLanguage\":\"fr-FR\",\"@id\":\"https:\/\/www.legalvision.fr\/guides-juridiques\/#\/schema\/logo\/image\/\",\"url\":\"https:\/\/www.legalvision.fr\/guides-juridiques\/wp-content\/uploads\/2022\/10\/LV-Logotype.png\",\"contentUrl\":\"https:\/\/www.legalvision.fr\/guides-juridiques\/wp-content\/uploads\/2022\/10\/LV-Logotype.png\",\"width\":647,\"height\":125,\"caption\":\"Guides juridiques\"},\"image\":{\"@id\":\"https:\/\/www.legalvision.fr\/guides-juridiques\/#\/schema\/logo\/image\/\"}}]}<\/script>\n<!-- \/ Yoast SEO plugin. -->","yoast_head_json":{"title":"Mentions L\u00e9gales - Guides juridiques","robots":{"index":"noindex","follow":"follow"},"og_locale":"fr_FR","og_type":"article","og_title":"Mentions L\u00e9gales - Guides juridiques","og_description":"Le site https:\/\/blog.legalvision.fr\/ est \u00e9dit\u00e9 par la soci\u00e9t\u00e9 LVPRO, Soci\u00e9t\u00e9 par actions simplifi\u00e9e SAS LVPRO, 809015407 au capital de 51.454,80 euros, dont le si\u00e8ge social est situ\u00e9 1 Cour du Havre 75008 PARIS, immatricul\u00e9e aupr\u00e8s du Greffe du Tribunal de Commerce de Paris. H\u00e9bergeur du site internet : Le site https:\/\/blog.legalvisionpro.fr\/ est h\u00e9berg\u00e9 par: Amazon&hellip; Poursuivre la lecture Mentions L\u00e9gales","og_url":"https:\/\/www.legalvision.fr\/guides-juridiques\/mentions-legales\/","og_site_name":"Guides juridiques","article_modified_time":"2021-07-16T10:11:48+00:00","twitter_card":"summary_large_image","twitter_misc":{"Dur\u00e9e de lecture estim\u00e9e":"7 minutes"},"schema":{"@context":"https:\/\/schema.org","@graph":[{"@type":"WebPage","@id":"https:\/\/www.legalvision.fr\/guides-juridiques\/mentions-legales\/","url":"https:\/\/www.legalvision.fr\/guides-juridiques\/mentions-legales\/","name":"Mentions L\u00e9gales - Guides juridiques","isPartOf":{"@id":"https:\/\/www.legalvision.fr\/guides-juridiques\/#website"},"datePublished":"2021-02-05T11:05:39+00:00","dateModified":"2021-07-16T10:11:48+00:00","breadcrumb":{"@id":"https:\/\/www.legalvision.fr\/guides-juridiques\/mentions-legales\/#breadcrumb"},"inLanguage":"fr-FR","potentialAction":[{"@type":"ReadAction","target":["https:\/\/www.legalvision.fr\/guides-juridiques\/mentions-legales\/"]}]},{"@type":"BreadcrumbList","@id":"https:\/\/www.legalvision.fr\/guides-juridiques\/mentions-legales\/#breadcrumb","itemListElement":[{"@type":"ListItem","position":1,"name":"Accueil","item":"https:\/\/www.legalvision.fr\/guides-juridiques\/"},{"@type":"ListItem","position":2,"name":"Mentions L\u00e9gales"}]},{"@type":"WebSite","@id":"https:\/\/www.legalvision.fr\/guides-juridiques\/#website","url":"https:\/\/www.legalvision.fr\/guides-juridiques\/","name":"Guides juridiques","description":"L&#039;information juridique \u00e0 destination des entreprises et TPE","publisher":{"@id":"https:\/\/www.legalvision.fr\/guides-juridiques\/#organization"},"potentialAction":[{"@type":"SearchAction","target":{"@type":"EntryPoint","urlTemplate":"https:\/\/www.legalvision.fr\/guides-juridiques\/?s={search_term_string}"},"query-input":{"@type":"PropertyValueSpecification","valueRequired":true,"valueName":"search_term_string"}}],"inLanguage":"fr-FR"},{"@type":"Organization","@id":"https:\/\/www.legalvision.fr\/guides-juridiques\/#organization","name":"Guides juridiques","url":"https:\/\/www.legalvision.fr\/guides-juridiques\/","logo":{"@type":"ImageObject","inLanguage":"fr-FR","@id":"https:\/\/www.legalvision.fr\/guides-juridiques\/#\/schema\/logo\/image\/","url":"https:\/\/www.legalvision.fr\/guides-juridiques\/wp-content\/uploads\/2022\/10\/LV-Logotype.png","contentUrl":"https:\/\/www.legalvision.fr\/guides-juridiques\/wp-content\/uploads\/2022\/10\/LV-Logotype.png","width":647,"height":125,"caption":"Guides juridiques"},"image":{"@id":"https:\/\/www.legalvision.fr\/guides-juridiques\/#\/schema\/logo\/image\/"}}]}},"_links":{"self":[{"href":"https:\/\/www.legalvision.fr\/guides-juridiques\/wp-json\/wp\/v2\/pages\/35237","targetHints":{"allow":["GET"]}}],"collection":[{"href":"https:\/\/www.legalvision.fr\/guides-juridiques\/wp-json\/wp\/v2\/pages"}],"about":[{"href":"https:\/\/www.legalvision.fr\/guides-juridiques\/wp-json\/wp\/v2\/types\/page"}],"author":[{"embeddable":true,"href":"https:\/\/www.legalvision.fr\/guides-juridiques\/wp-json\/wp\/v2\/users\/73"}],"replies":[{"embeddable":true,"href":"https:\/\/www.legalvision.fr\/guides-juridiques\/wp-json\/wp\/v2\/comments?post=35237"}],"version-history":[{"count":0,"href":"https:\/\/www.legalvision.fr\/guides-juridiques\/wp-json\/wp\/v2\/pages\/35237\/revisions"}],"wp:attachment":[{"href":"https:\/\/www.legalvision.fr\/guides-juridiques\/wp-json\/wp\/v2\/media?parent=35237"}],"curies":[{"name":"wp","href":"https:\/\/api.w.org\/{rel}","templated":true}]}}